{"id":3,"date":"2023-06-28T15:31:46","date_gmt":"2023-06-28T15:31:46","guid":{"rendered":"https:\/\/disenosysolucioneselectricaslimitada.com\/?page_id=3"},"modified":"2023-11-27T14:54:48","modified_gmt":"2023-11-27T14:54:48","slug":"privacy-policy","status":"publish","type":"page","link":"https:\/\/disenosysolucioneselectricaslimitada.com\/en\/privacy-policy\/","title":{"rendered":"Privacy Policy"},"content":{"rendered":"<div data-elementor-type=\"wp-page\" data-elementor-id=\"3\" class=\"elementor elementor-3\" data-elementor-post-type=\"page\">\n\t\t\t\t\t\t<section class=\"elementor-section elementor-top-section elementor-element elementor-element-ba582c7 elementor-section-boxed elementor-section-height-default elementor-section-height-default\" data-id=\"ba582c7\" data-element_type=\"section\" data-e-type=\"section\">\n\t\t\t\t\t\t<div class=\"elementor-container elementor-column-gap-default\">\n\t\t\t\t\t<div class=\"elementor-column elementor-col-100 elementor-top-column elementor-element elementor-element-e49d10d\" data-id=\"e49d10d\" data-element_type=\"column\" data-e-type=\"column\">\n\t\t\t<div class=\"elementor-widget-wrap elementor-element-populated\">\n\t\t\t\t\t\t<div class=\"elementor-element elementor-element-691b629 elementor-widget elementor-widget-heading\" data-id=\"691b629\" data-element_type=\"widget\" data-e-type=\"widget\" data-widget_type=\"heading.default\">\n\t\t\t\t<div class=\"elementor-widget-container\">\n\t\t\t\t\t<h2 class=\"elementor-heading-title elementor-size-default\">Privacy Policy<\/h2>\t\t\t\t<\/div>\n\t\t\t\t<\/div>\n\t\t\t\t\t<\/div>\n\t\t<\/div>\n\t\t\t\t\t<\/div>\n\t\t<\/section>\n\t\t\t\t<section class=\"elementor-section elementor-top-section elementor-element elementor-element-765485f elementor-section-boxed elementor-section-height-default elementor-section-height-default\" data-id=\"765485f\" data-element_type=\"section\" data-e-type=\"section\">\n\t\t\t\t\t\t<div class=\"elementor-container elementor-column-gap-default\">\n\t\t\t\t\t<div class=\"elementor-column elementor-col-100 elementor-top-column elementor-element elementor-element-c0999cb\" data-id=\"c0999cb\" data-element_type=\"column\" data-e-type=\"column\">\n\t\t\t<div class=\"elementor-widget-wrap elementor-element-populated\">\n\t\t\t\t\t\t<div class=\"elementor-element elementor-element-3d4b1cc elementor-widget elementor-widget-text-editor\" data-id=\"3d4b1cc\" data-element_type=\"widget\" data-e-type=\"widget\" data-widget_type=\"text-editor.default\">\n\t\t\t\t<div class=\"elementor-widget-container\">\n\t\t\t\t\t\t\t\t\t<p>Updated: November 07th, 2023<\/p><p>DISE\u00d1OS Y SOLUCIONES EL\u00c9CTRICAS is committed to protecting your privacy. This privacy policy tells you about our online collection and use of data. The terms of this policy apply to all DISE\u00d1OS Y SOLUCIONES EL\u00c9CTRICAS websites unless different terms are specified in a form or contract provided to you online or offline.<\/p><p>By using this site, you understand and agree to the terms of this policy. This site is owned by DISE\u00d1OS Y SOLUCIONES EL\u00c9CTRICAS LIMITADA and may be accessed in Costa Rica and abroad. For data protection purposes, DISE\u00d1OS Y SOLUCIONES EL\u00c9CTRICAS is the controller and, unless otherwise noted, is also the processor of data. Information collected may be retained, and may be stored, processed, accessed, and used in jurisdictions whose privacy laws may be different and less protective than those of your home jurisdiction.<\/p><p><strong>Collection of Your Personal Information<\/strong><\/p><p>DISE\u00d1OS Y SOLUCIONES EL\u00c9CTRICAS collects certain kinds of information, such as the website that referred you to us, your IP address, browser type and language, and access times. We also may collect navigational information, including information about the pages you view, the links you click, and other actions taken in connection with the site.<\/p><p>Limited demographic information, such as the industry you work in, is sometimes collected and may be linked to your personal information.<\/p><p><strong>Use of Your Personal Information<\/strong><\/p><p>DISE\u00d1OS Y SOLUCIONES EL\u00c9CTRICAS collects and uses your personal information to operate and improve our sites, to process your transactions, to provide customer service, to perform research and analysis aimed at improving our products, services and technologies, and to display content that is customized to your interests and preferences.<\/p><p>We also use your personal information to communicate with you. We may send transaction-related communications such as welcome letters, billing reminders, and purchase confirmations. We may also send you surveys or marketing emails to inform you of new products or services or other information that may be of interest. If you do not wish to receive marketing emails, you may adjust your \u201cPersonal Information Preferences\u201d as described below or follow the \u201cunsubscribe\u201d instructions included within each email communication.<\/p><p>Personal information collected by DISE\u00d1OS Y SOLUCIONES EL\u00c9CTRICAS may be stored and processed in Mexico or any other country in which DISE\u00d1OS Y SOLUCIONES EL\u00c9CTRICAS or its affiliates, subsidiaries, contractors or agents maintain facilities, and by using our sites or services, you consent to any such transfer of information outside of your country.<\/p><p><strong>Sharing of Your Personal Information<\/strong><\/p><p>Except as disclosed in this privacy policy, DISE\u00d1OS Y SOLUCIONES EL\u00c9CTRICAS does not share your personal information with any outside parties.<\/p><p>We may share your personal information within our corporate group, including with our subsidiaries and divisions, all of whom may use your information for the purposes disclosed herein.<\/p><p>We may share your personal information with service providers who perform services on our behalf. For example, we may hire other companies to handle the processing of payments, to provide data storage, to host websites, to fulfill orders and shipments, to assist in direct marketing, to conduct audits, etc. Those companies will be permitted to obtain only the personal information they need to provide the service. They are required to maintain the confidentiality of the information and are prohibited from using it for any other purpose.<\/p><p>Information about our customers, including personal information, may be disclosed as part of any merger, acquisition, or sale of the company and\/or its assets, as well as in the unlikely event of insolvency, bankruptcy, or receivership, in which personal information would be transferred as one of the business assets of the company. We will notify you of such an occurrence as described in the \u201cChanges to This Privacy Policy\u201d section below.<\/p><p>We reserve the right to disclose your personal information if required to do so by law, or in the good-faith belief that such action is reasonably necessary to comply with legal process, respond to claims, or protect the rights, property or safety of our company, employees, customers, or the public.<\/p><p><strong>Use of Cookies and Other Technologies<\/strong><\/p><p>DISE\u00d1OS Y SOLUCIONES EL\u00c9CTRICAS uses \u201ccookies\u201d to enable you to sign in to our services and to help personalize and improve your online experience. A cookie is a small text file that is placed on your hard drive or device. Cookies contain information, including personal information that can later be read by a web server in the domain that issued the cookie to you. The information that cookies collect includes the date and time of your visit, your registration information, and your navigational and purchase history.<\/p><p>Cookies offer you many conveniences:<\/p><p>They allow us to identify registered users when they return to the site so that they can retrieve previous image search results, access Lightboxes and shopping carts and view their previous invoices.<\/p><p>Cookies save you time by eliminating the need to repeatedly enter the same information.<\/p><p>Cookies allow us to deliver personalized content to you, including search results and targeted advertising.<\/p><p>Cookies help to protect your security by checking your login details and may help prevent fraud.<\/p><p>Cookies remember your preferences when using the site.<\/p><p>Cookies also identify particular customers in the event such a customer would like assistance from a live, online customer service representative.<\/p><p>We strive to make this site user-friendly and relevant. Our goal is to deliver more personalized products and services to you.<\/p><p>For this purpose, DISE\u00d1OS Y SOLUCIONES EL\u00c9CTRICAS also works with third-party partners, who use cookies on our site to:<\/p><p>Measure and analyze aggregate usage and volume statistical information from our users on our website. Information gathered may include, but is not limited to the following: activity of the user browser when the user is visiting the site, the site path of users, general information regarding the visitor\u2019s internet service provider and host, and the time users come to the site.<\/p><p>Remember our users\u2019 previous search of products and services, and dynamically display more relevant content to them.<\/p><p>Record users\u2019 behavior on our site, such as pages visited, emails clicked, forms completed and products and services purchased to create customized advertisements and communications that better meet your needs.<\/p><p>Evaluate user traffic and behavior on the site to compile activity reports for our internal use only.<\/p><p>Conduct research and diagnostics to improve our products and services.<\/p><p>Identify users arriving at the site via a referral from an affiliate website or sponsored link.<\/p><p>This privacy policy covers the use of cookies by DISE\u00d1OS Y SOLUCIONES EL\u00c9CTRICAS only, and does not cover the use of cookies by third parties.<\/p><p>In addition to cookies, we may use other technologies, including single-pixel gifs (also known as web beacons) on our websites and in promotional e-mail messages or newsletters. These tiny electronic images assist us in determining how many users have visited certain pages or opened messages or newsletters. We do not use these single-pixel gifs to collect personal information.<\/p><p>You have the ability to accept or decline cookies. Most browsers automatically accept cookies, but you can modify your browser setting to decline cookies. Please be aware that the site is optimally designed to operate with cookies enabled in your internet browser. If you choose to decline cookies, you may not be able to sign in or use other interactive features of our sites and services that depend on cookies. This may negatively impact your experience of the website.<\/p><p><strong>Security of Your Personal Information<\/strong><\/p><p>The security of your personal information is important to us. We follow generally accepted industry standards to help protect your personal information. For instance, when you enter sensitive information (such as a credit card number) on our registration or order forms, we encrypt that information using secure socket layer (SSL) technology. No method of transmission over the internet, or method of electronic storage, is 100% secure. Therefore, while we strive to protect your personal information, we cannot guarantee its absolute security.<\/p><p>If a password is used to protect your account and personal information, it is your responsibility to keep your password confidential.<\/p><p><strong>Forums &amp; Other Interactive Services<\/strong><\/p><p>Our websites may include discussion forums or other interactive areas or services, including blogs, chat rooms, bulletin boards, message boards, online hosting or storage services, or other areas or services in which you or third parties create, post or store any content, messages, comments, materials or other items on the sites (\u201cInteractive Areas\u201d). If you use an Interactive Area, you should be aware that these areas are open to the public and any personal information you post or provide at registration may be viewable by others. We are not responsible for personal information you submit in connection with the Interactive Areas, nor are we responsible for how others might use that information, including to send you unsolicited messages. Interactive Area postings may be retained indefinitely. If at any time you would like to remove a posting, please email us at. Keep in mind that removal of a posting from an Interactive Area does not mean that the posting will be deleted from our systems.<\/p><p><strong>Email Referrals<\/strong><\/p><p>If you choose to use our email referral services to tell a friend about our products or services (including images in your Lightbox, promotional campaigns, new websites, job postings, etc.), we will ask you for your friend\u2019s name and email address. We will use that information to send your friend a one-time email inviting him or her to visit the site and review the product or service you have selected. We may use a third-party provider to administer this function, but any such third party provider may only use the information submitted to facilitate this one-time email. Neither DISE\u00d1OS Y SOLUCIONES EL\u00c9CTRICAS nor any third-party provider stores this information after the email is sent.<\/p><p><strong>Under Age<\/strong><\/p><p>We do not intend to solicit or collect personal information from anyone under the age of 18. If you are under 18, you should not use or enter information on this site, including without limitation, any Interactive Areas of the website.<\/p><p><strong>Links<\/strong><\/p><p>We may link to websites, including those of our third-party content providers that have different privacy policies and practices from those disclosed here. We assume no responsibility for the policies or practices of such linked sites and encourage you to become acquainted with them prior to use.<\/p><p><strong>DMA<\/strong><\/p><p>If you have questions or concerns regarding this privacy policy, you should first contact DISE\u00d1OS Y SOLUCIONES EL\u00c9CTRICAS using the Contact Information below. If you do not receive acknowledgement of your inquiry, or your inquiry has not been satisfactorily addressed, you should then contact the Direct Marketing Association by e-mail at DISE\u00d1OS Y SOLUCIONES EL\u00c9CTRICAS  via email.<\/p><p><strong>Changes to This Privacy Policy<\/strong><\/p><p>We reserve the right to change the terms of this privacy policy at any time. When we make changes, we will revise the \u201clast updated\u201d date at the top of the policy. If there are material changes to this statement or in how DISE\u00d1OS Y SOLUCIONES EL\u00c9CTRICAS LIMITADA will use your personal information, we will notify you by prominently posting a notice of such changes here or on our home page, or by sending you an email. We encourage you to review this policy whenever you visit one of our sites.<\/p>\t\t\t\t\t\t\t\t<\/div>\n\t\t\t\t<\/div>\n\t\t\t\t\t<\/div>\n\t\t<\/div>\n\t\t\t\t\t<\/div>\n\t\t<\/section>\n\t\t\t\t<section class=\"elementor-section elementor-top-section elementor-element elementor-element-a522a1f elementor-section-boxed elementor-section-height-default elementor-section-height-default\" data-id=\"a522a1f\" data-element_type=\"section\" data-e-type=\"section\" data-settings=\"{&quot;background_background&quot;:&quot;classic&quot;}\">\n\t\t\t\t\t\t<div class=\"elementor-container elementor-column-gap-default\">\n\t\t\t\t\t<div class=\"elementor-column elementor-col-100 elementor-top-column elementor-element elementor-element-5881f16\" data-id=\"5881f16\" data-element_type=\"column\" data-e-type=\"column\">\n\t\t\t<div class=\"elementor-widget-wrap elementor-element-populated\">\n\t\t\t\t\t\t<div class=\"elementor-element elementor-element-098c937 elementor-align-center elementor-icon-list--layout-traditional elementor-list-item-link-full_width elementor-widget elementor-widget-icon-list\" data-id=\"098c937\" data-element_type=\"widget\" data-e-type=\"widget\" data-widget_type=\"icon-list.default\">\n\t\t\t\t<div class=\"elementor-widget-container\">\n\t\t\t\t\t\t\t<ul class=\"elementor-icon-list-items\">\n\t\t\t\t\t\t\t<li class=\"elementor-icon-list-item\">\n\t\t\t\t\t\t\t\t\t\t\t<span class=\"elementor-icon-list-icon\">\n\t\t\t\t\t\t\t<i aria-hidden=\"true\" class=\"fas fa-at\"><\/i>\t\t\t\t\t\t<\/span>\n\t\t\t\t\t\t\t\t\t\t<span class=\"elementor-icon-list-text\">customerservice@disenosysolucioneselectricaslimitada.com<\/span>\n\t\t\t\t\t\t\t\t\t<\/li>\n\t\t\t\t\t\t<\/ul>\n\t\t\t\t\t\t<\/div>\n\t\t\t\t<\/div>\n\t\t\t\t\t<\/div>\n\t\t<\/div>\n\t\t\t\t\t<\/div>\n\t\t<\/section>\n\t\t\t\t<\/div>","protected":false},"excerpt":{"rendered":"<p>Pol\u00edticas de Privacidad Actualizado: 07 de noviembre del 2023. DISE\u00d1OS Y SOLUCIONES EL\u00c9CTRICAS se compromete a proteger su privacidad. Esta pol\u00edtica de privacidad le informa sobre nuestra recopilaci\u00f3n y uso de datos en l\u00ednea. Los t\u00e9rminos de esta pol\u00edtica se aplican a todos los sitios web de DISE\u00d1OS Y SOLUCIONES EL\u00c9CTRICAS, a menos que se [&hellip;]<\/p>\n","protected":false},"author":4,"featured_media":0,"parent":0,"menu_order":0,"comment_status":"closed","ping_status":"closed","template":"","meta":{"footnotes":""},"class_list":["post-3","page","type-page","status-publish","hentry"],"_links":{"self":[{"href":"https:\/\/disenosysolucioneselectricaslimitada.com\/en\/wp-json\/wp\/v2\/pages\/3","targetHints":{"allow":["GET"]}}],"collection":[{"href":"https:\/\/disenosysolucioneselectricaslimitada.com\/en\/wp-json\/wp\/v2\/pages"}],"about":[{"href":"https:\/\/disenosysolucioneselectricaslimitada.com\/en\/wp-json\/wp\/v2\/types\/page"}],"author":[{"embeddable":true,"href":"https:\/\/disenosysolucioneselectricaslimitada.com\/en\/wp-json\/wp\/v2\/users\/4"}],"replies":[{"embeddable":true,"href":"https:\/\/disenosysolucioneselectricaslimitada.com\/en\/wp-json\/wp\/v2\/comments?post=3"}],"version-history":[{"count":14,"href":"https:\/\/disenosysolucioneselectricaslimitada.com\/en\/wp-json\/wp\/v2\/pages\/3\/revisions"}],"predecessor-version":[{"id":312,"href":"https:\/\/disenosysolucioneselectricaslimitada.com\/en\/wp-json\/wp\/v2\/pages\/3\/revisions\/312"}],"wp:attachment":[{"href":"https:\/\/disenosysolucioneselectricaslimitada.com\/en\/wp-json\/wp\/v2\/media?parent=3"}],"curies":[{"name":"wp","href":"https:\/\/api.w.org\/{rel}","templated":true}]}}