{"id":19,"date":"2023-11-19T00:26:12","date_gmt":"2023-11-19T00:26:12","guid":{"rendered":"https:\/\/disenosysolucioneselectricaslimitada.com\/?page_id=19"},"modified":"2024-06-27T03:44:30","modified_gmt":"2024-06-27T03:44:30","slug":"about-us","status":"publish","type":"page","link":"https:\/\/disenosysolucioneselectricaslimitada.com\/en\/about-us\/","title":{"rendered":"About Us"},"content":{"rendered":"<div data-elementor-type=\"wp-page\" data-elementor-id=\"19\" class=\"elementor elementor-19\" data-elementor-post-type=\"page\">\n\t\t\t\t\t\t<section class=\"elementor-section elementor-top-section elementor-element elementor-element-35019b2d elementor-section-boxed elementor-section-height-default elementor-section-height-default\" data-id=\"35019b2d\" data-element_type=\"section\" data-e-type=\"section\" data-settings=\"{&quot;background_background&quot;:&quot;classic&quot;}\">\n\t\t\t\t\t\t<div class=\"elementor-container elementor-column-gap-default\">\n\t\t\t\t\t<div class=\"elementor-column elementor-col-100 elementor-top-column elementor-element elementor-element-6f82b3eb\" data-id=\"6f82b3eb\" data-element_type=\"column\" data-e-type=\"column\">\n\t\t\t<div class=\"elementor-widget-wrap elementor-element-populated\">\n\t\t\t\t\t\t<div class=\"elementor-element elementor-element-5f47514 elementor-widget elementor-widget-text-editor\" data-id=\"5f47514\" data-element_type=\"widget\" data-e-type=\"widget\" data-widget_type=\"text-editor.default\">\n\t\t\t\t<div class=\"elementor-widget-container\">\n\t\t\t\t\t\t\t\t\t<p>DISE\u00d1OS Y SOLUCIONES EL\u00c9CTRICAS LIMITADA brings you the best for your company.<\/p>\t\t\t\t\t\t\t\t<\/div>\n\t\t\t\t<\/div>\n\t\t\t\t<div class=\"elementor-element elementor-element-bc9a13b elementor-widget elementor-widget-text-editor\" data-id=\"bc9a13b\" data-element_type=\"widget\" data-e-type=\"widget\" data-widget_type=\"text-editor.default\">\n\t\t\t\t<div class=\"elementor-widget-container\">\n\t\t\t\t\t\t\t\t\t<p>At DISE\u00d1OS Y SOLUCIONES EL\u00c9CTRICAS LIMITADA, we are proud to be leaders in the automation industry and control of processes through Frequency Inverters. As a company, we specialize in Frequency Inverters with the intention of promoting smart manufacturing practices and helping other businesses be more efficient in their production.<\/p>\t\t\t\t\t\t\t\t<\/div>\n\t\t\t\t<\/div>\n\t\t\t\t\t<\/div>\n\t\t<\/div>\n\t\t\t\t\t<\/div>\n\t\t<\/section>\n\t\t\t\t<section class=\"elementor-section elementor-top-section elementor-element elementor-element-c8492b8 elementor-section-boxed elementor-section-height-default elementor-section-height-default\" data-id=\"c8492b8\" data-element_type=\"section\" data-e-type=\"section\">\n\t\t\t\t\t\t<div class=\"elementor-container elementor-column-gap-default\">\n\t\t\t\t\t<div class=\"elementor-column elementor-col-100 elementor-top-column elementor-element elementor-element-5e5b1482\" data-id=\"5e5b1482\" data-element_type=\"column\" data-e-type=\"column\">\n\t\t\t<div class=\"elementor-widget-wrap\">\n\t\t\t\t\t\t\t<\/div>\n\t\t<\/div>\n\t\t\t\t\t<\/div>\n\t\t<\/section>\n\t\t\t\t<section class=\"elementor-section elementor-top-section elementor-element elementor-element-33375816 elementor-section-boxed elementor-section-height-default elementor-section-height-default\" data-id=\"33375816\" data-element_type=\"section\" data-e-type=\"section\">\n\t\t\t\t\t\t<div class=\"elementor-container elementor-column-gap-default\">\n\t\t\t\t\t<div class=\"elementor-column elementor-col-66 elementor-top-column elementor-element elementor-element-701e2edf\" data-id=\"701e2edf\" data-element_type=\"column\" data-e-type=\"column\">\n\t\t\t<div class=\"elementor-widget-wrap elementor-element-populated\">\n\t\t\t\t\t\t<div class=\"elementor-element elementor-element-34bcd3b elementor-widget elementor-widget-image\" data-id=\"34bcd3b\" data-element_type=\"widget\" data-e-type=\"widget\" data-widget_type=\"image.default\">\n\t\t\t\t<div class=\"elementor-widget-container\">\n\t\t\t\t\t\t\t\t\t\t\t\t\t\t\t<img fetchpriority=\"high\" decoding=\"async\" width=\"800\" height=\"600\" src=\"https:\/\/disenosysolucioneselectricaslimitada.com\/wp-content\/uploads\/2024\/06\/nosotros-pic.jpg\" class=\"attachment-large size-large wp-image-373\" alt=\"\" srcset=\"https:\/\/disenosysolucioneselectricaslimitada.com\/wp-content\/uploads\/2024\/06\/nosotros-pic.jpg 800w, https:\/\/disenosysolucioneselectricaslimitada.com\/wp-content\/uploads\/2024\/06\/nosotros-pic-300x225.jpg 300w, https:\/\/disenosysolucioneselectricaslimitada.com\/wp-content\/uploads\/2024\/06\/nosotros-pic-768x576.jpg 768w, https:\/\/disenosysolucioneselectricaslimitada.com\/wp-content\/uploads\/2024\/06\/nosotros-pic-16x12.jpg 16w\" sizes=\"(max-width: 800px) 100vw, 800px\" \/>\t\t\t\t\t\t\t\t\t\t\t\t\t\t\t<\/div>\n\t\t\t\t<\/div>\n\t\t\t\t\t<\/div>\n\t\t<\/div>\n\t\t\t\t<div class=\"elementor-column elementor-col-33 elementor-top-column elementor-element elementor-element-4565908b\" data-id=\"4565908b\" data-element_type=\"column\" data-e-type=\"column\">\n\t\t\t<div class=\"elementor-widget-wrap elementor-element-populated\">\n\t\t\t\t\t\t<div class=\"elementor-element elementor-element-54df336d elementor-widget elementor-widget-text-editor\" data-id=\"54df336d\" data-element_type=\"widget\" data-e-type=\"widget\" data-widget_type=\"text-editor.default\">\n\t\t\t\t<div class=\"elementor-widget-container\">\n\t\t\t\t\t\t\t\t\t<p>With a focus on process optimization, DISE\u00d1OS Y SOLUCIONES EL\u00c9CTRICAS LIMITADA's mission is <strong>to offer the most advanced and reliable technology in the market<\/strong>. We strive to provide our customers with the necessary tools to improve the performance of their systems and operations. Frequency Inverters are an excellent option for achieving energy efficiency, precise control, and increased productivity in a variety of industrial applications. Based in Costa Rica, we have a team of highly trained and passionate experts that are always available to provide technical advice and support for whatever you need to know or obtain. We complement our integrated experience with an ecosystem of digital innovators, where our goal is to deliver faster and more lasting results.<\/p>\t\t\t\t\t\t\t\t<\/div>\n\t\t\t\t<\/div>\n\t\t\t\t<div class=\"elementor-element elementor-element-1abe1c5 elementor-widget elementor-widget-text-editor\" data-id=\"1abe1c5\" data-element_type=\"widget\" data-e-type=\"widget\" data-widget_type=\"text-editor.default\">\n\t\t\t\t<div class=\"elementor-widget-container\">\n\t\t\t\t\t\t\t\t\t<p>As a company, we distinguish ourselves above all by our commitment to quality and customer delight. That is why we try to establish a collaboration system with our clients, with the interest of achieving extraordinary results and meeting all your unique needs.<\/p><p>At DISE\u00d1OS Y SOLUCIONES EL\u00c9CTRICAS LIMITADA, we also believe in sustainability and environmental responsibility. Our Frequency Inverters are designed to maximize energy efficiency, which not only will reduce our customers' operating costs, but also will contribute to the preservation of the environment.<\/p>\t\t\t\t\t\t\t\t<\/div>\n\t\t\t\t<\/div>\n\t\t\t\t\t<\/div>\n\t\t<\/div>\n\t\t\t\t\t<\/div>\n\t\t<\/section>\n\t\t\t\t<\/div>","protected":false},"excerpt":{"rendered":"<p>DISE\u00d1OS Y SOLUCIONES EL\u00c9CTRICAS te trae lo mejor para tu empresa. Nos enorgullecemos de ser l\u00edderes en la industria de la automatizaci\u00f3n y control de procesos a trav\u00e9s de variadores de frecuencia. Como empresa, nos especializamos en variadores de frecuencia con la intenci\u00f3n de promover pr\u00e1cticas de fabricaci\u00f3n inteligentes y ayudar a otros negocios a [&hellip;]<\/p>\n","protected":false},"author":4,"featured_media":0,"parent":0,"menu_order":0,"comment_status":"closed","ping_status":"closed","template":"","meta":{"footnotes":""},"class_list":["post-19","page","type-page","status-publish","hentry"],"_links":{"self":[{"href":"https:\/\/disenosysolucioneselectricaslimitada.com\/en\/wp-json\/wp\/v2\/pages\/19","targetHints":{"allow":["GET"]}}],"collection":[{"href":"https:\/\/disenosysolucioneselectricaslimitada.com\/en\/wp-json\/wp\/v2\/pages"}],"about":[{"href":"https:\/\/disenosysolucioneselectricaslimitada.com\/en\/wp-json\/wp\/v2\/types\/page"}],"author":[{"embeddable":true,"href":"https:\/\/disenosysolucioneselectricaslimitada.com\/en\/wp-json\/wp\/v2\/users\/4"}],"replies":[{"embeddable":true,"href":"https:\/\/disenosysolucioneselectricaslimitada.com\/en\/wp-json\/wp\/v2\/comments?post=19"}],"version-history":[{"count":22,"href":"https:\/\/disenosysolucioneselectricaslimitada.com\/en\/wp-json\/wp\/v2\/pages\/19\/revisions"}],"predecessor-version":[{"id":376,"href":"https:\/\/disenosysolucioneselectricaslimitada.com\/en\/wp-json\/wp\/v2\/pages\/19\/revisions\/376"}],"wp:attachment":[{"href":"https:\/\/disenosysolucioneselectricaslimitada.com\/en\/wp-json\/wp\/v2\/media?parent=19"}],"curies":[{"name":"wp","href":"https:\/\/api.w.org\/{rel}","templated":true}]}}